{"id":1181,"date":"2022-04-13T17:50:11","date_gmt":"2022-04-13T16:50:11","guid":{"rendered":"https:\/\/pensiuneamariavartop.ro\/?page_id=1181"},"modified":"2024-10-24T08:57:49","modified_gmt":"2024-10-24T07:57:49","slug":"oferta","status":"publish","type":"page","link":"https:\/\/pensiuneamariavartop.ro\/?page_id=1181","title":{"rendered":"Oferta turistic\u0103"},"content":{"rendered":"\t\t<div data-elementor-type=\"wp-page\" data-elementor-id=\"1181\" class=\"elementor elementor-1181\">\n\t\t\t\t\t\t<section class=\"elementor-section elementor-top-section elementor-element elementor-element-fad44f9 elementor-section-boxed elementor-section-height-default elementor-section-height-default qodef-elementor-content-no\" data-id=\"fad44f9\" data-element_type=\"section\" data-e-type=\"section\">\n\t\t\t\t\t\t<div class=\"elementor-container elementor-column-gap-default\">\n\t\t\t\t\t<div class=\"elementor-column elementor-col-100 elementor-top-column elementor-element elementor-element-2159002\" data-id=\"2159002\" data-element_type=\"column\" data-e-type=\"column\">\n\t\t\t<div class=\"elementor-widget-wrap elementor-element-populated\">\n\t\t\t\t\t\t<div class=\"elementor-element elementor-element-af0f5ab elementor-widget elementor-widget-heading\" data-id=\"af0f5ab\" data-element_type=\"widget\" data-e-type=\"widget\" data-widget_type=\"heading.default\">\n\t\t\t\t<div class=\"elementor-widget-container\">\n\t\t\t\t\t<h2 class=\"elementor-heading-title elementor-size-default\">Descoper\u0103 Pachetul Nostru Turistic pentru sezonul 2024-2025<\/h2>\t\t\t\t<\/div>\n\t\t\t\t<\/div>\n\t\t\t\t\t<\/div>\n\t\t<\/div>\n\t\t\t\t\t<\/div>\n\t\t<\/section>\n\t\t\t\t<section class=\"elementor-section elementor-top-section elementor-element elementor-element-ee5208f elementor-section-boxed elementor-section-height-default elementor-section-height-default qodef-elementor-content-no\" data-id=\"ee5208f\" data-element_type=\"section\" data-e-type=\"section\">\n\t\t\t\t\t\t<div class=\"elementor-container elementor-column-gap-default\">\n\t\t\t\t\t<div class=\"elementor-column elementor-col-100 elementor-top-column elementor-element elementor-element-9eb5e9a\" data-id=\"9eb5e9a\" data-element_type=\"column\" data-e-type=\"column\">\n\t\t\t<div class=\"elementor-widget-wrap elementor-element-populated\">\n\t\t\t\t\t\t<section class=\"elementor-section elementor-inner-section elementor-element elementor-element-966f0e7 elementor-section-boxed elementor-section-height-default elementor-section-height-default qodef-elementor-content-no\" data-id=\"966f0e7\" data-element_type=\"section\" data-e-type=\"section\">\n\t\t\t\t\t\t<div class=\"elementor-container elementor-column-gap-default\">\n\t\t\t\t\t<div class=\"elementor-column elementor-col-50 elementor-inner-column elementor-element elementor-element-8bb82cd\" data-id=\"8bb82cd\" data-element_type=\"column\" data-e-type=\"column\">\n\t\t\t<div class=\"elementor-widget-wrap elementor-element-populated\">\n\t\t\t\t\t\t<div class=\"elementor-element elementor-element-0e9e779 elementor-widget elementor-widget-text-editor\" data-id=\"0e9e779\" data-element_type=\"widget\" data-e-type=\"widget\" data-widget_type=\"text-editor.default\">\n\t\t\t\t<div class=\"elementor-widget-container\">\n\t\t\t\t\t\t\t\t\t<p>Descoper\u0103 ofertele noastre turistice pentru sezonul 2024-2025 \u0219i transform\u0103-\u021bi \u0219ederea \u00een Mun\u021bii Apuseni \u00eentr-o experien\u021b\u0103 memorabil\u0103. Rezerv\u0103 acum pentru a beneficia de facilit\u0103\u021bi \u00eembun\u0103t\u0103\u021bite \u0219i tarife exclusive.<\/p>\t\t\t\t\t\t\t\t<\/div>\n\t\t\t\t<\/div>\n\t\t\t\t\t<\/div>\n\t\t<\/div>\n\t\t\t\t<div class=\"elementor-column elementor-col-50 elementor-inner-column elementor-element elementor-element-b1416de\" data-id=\"b1416de\" data-element_type=\"column\" data-e-type=\"column\">\n\t\t\t<div class=\"elementor-widget-wrap elementor-element-populated\">\n\t\t\t\t\t\t<div class=\"elementor-element elementor-element-f2041be elementor-widget elementor-widget-text-editor\" data-id=\"f2041be\" data-element_type=\"widget\" data-e-type=\"widget\" data-widget_type=\"text-editor.default\">\n\t\t\t\t<div class=\"elementor-widget-container\">\n\t\t\t\t\t\t\t\t\t<p>Bucur\u0103-te de o escapad\u0103 autentic\u0103 \u00een Mun\u021bii Apuseni cu oferta noastr\u0103 turistic\u0103 pentru 2024-2025. Descoper\u0103 pachete personalizate \u0219i experimenteaz\u0103 confortul la Pensiunea Maria din Vartop.<\/p>\t\t\t\t\t\t\t\t<\/div>\n\t\t\t\t<\/div>\n\t\t\t\t\t<\/div>\n\t\t<\/div>\n\t\t\t\t\t<\/div>\n\t\t<\/section>\n\t\t\t\t\t<\/div>\n\t\t<\/div>\n\t\t\t\t\t<\/div>\n\t\t<\/section>\n\t\t\t\t<section class=\"elementor-section elementor-top-section elementor-element elementor-element-5b52d67 elementor-section-boxed elementor-section-height-default elementor-section-height-default qodef-elementor-content-no\" data-id=\"5b52d67\" data-element_type=\"section\" data-e-type=\"section\">\n\t\t\t\t\t\t<div class=\"elementor-container elementor-column-gap-default\">\n\t\t\t\t\t<div class=\"elementor-column elementor-col-100 elementor-top-column elementor-element elementor-element-62bad62\" data-id=\"62bad62\" data-element_type=\"column\" data-e-type=\"column\">\n\t\t\t<div class=\"elementor-widget-wrap elementor-element-populated\">\n\t\t\t\t\t\t<div class=\"elementor-element elementor-element-11d7642 elementor-widget elementor-widget-qi_addons_for_elementor_pricing_list\" data-id=\"11d7642\" data-element_type=\"widget\" data-e-type=\"widget\" data-widget_type=\"qi_addons_for_elementor_pricing_list.default\">\n\t\t\t\t<div class=\"elementor-widget-container\">\n\t\t\t\t\t<div class=\"qodef-shortcode qodef-m qodef-qi-pricing-list qodef-pricing-line--solid qodef-layout--image-before\">\n\t<div class=\"qodef-m-inner\">\n\t\t<div class=\"qodef-m-item qodef-e elementor-repeater-item-be46bfa\">\n\t\t\t<div class=\"qodef-e-image\">\n\t\t\t<img fetchpriority=\"high\" decoding=\"async\" width=\"1710\" height=\"2560\" src=\"https:\/\/pensiuneamariavartop.ro\/wp-content\/uploads\/2024\/10\/pexels-cottonbro-3171762-scaled.jpg\" class=\"attachment-full size-full\" alt=\"\" srcset=\"https:\/\/pensiuneamariavartop.ro\/wp-content\/uploads\/2024\/10\/pexels-cottonbro-3171762-scaled.jpg 1710w, https:\/\/pensiuneamariavartop.ro\/wp-content\/uploads\/2024\/10\/pexels-cottonbro-3171762-200x300.jpg 200w, https:\/\/pensiuneamariavartop.ro\/wp-content\/uploads\/2024\/10\/pexels-cottonbro-3171762-684x1024.jpg 684w, https:\/\/pensiuneamariavartop.ro\/wp-content\/uploads\/2024\/10\/pexels-cottonbro-3171762-768x1150.jpg 768w, https:\/\/pensiuneamariavartop.ro\/wp-content\/uploads\/2024\/10\/pexels-cottonbro-3171762-1026x1536.jpg 1026w, https:\/\/pensiuneamariavartop.ro\/wp-content\/uploads\/2024\/10\/pexels-cottonbro-3171762-1368x2048.jpg 1368w\" sizes=\"(max-width: 1710px) 100vw, 1710px\" \/>\t\t<\/div>\n\t\t<div class=\"qodef-e-item-holder\">\n\t\t\t\t\t<div class=\"qodef-e-heading\">\n\t\t\t\t<h5 class=\"qodef-e-heading-title\">Oferta Revelion 2025<\/h5>\n\t\t\t\t<div class=\"qodef-e-heading-line\" ><\/div>\n\t\t\t\t\t\t\t\t\t<p class=\"qodef-e-heading-price\">550 RON\/Noapte\/Persoana<\/p>\n\t\t\t\t\t\t\t\t\t\t\t<\/div>\n\t\t\t\t\t\t\t<p class=\"qodef-e-description\">Cazare cu demipensiune (intrare cu cin\u0103, ie\u0219ire cu mic dejun) \nTarif\/sejur minim 4 nop\u021bi: 2200 lei\/persoan\u0103.\n\nPachetul include masa festiv\u0103:\n\n- Meniu masa festiv\u0103: Aperitiv, gustare cald\u0103, fel de baz\u0103, desert.\nB\u0103uturile nealcoolice incluse la masa festiv\u0103: Cafea, ap\u0103 plat\u0103, ap\u0103 mineral\u0103, ceai, sucuri\nB\u0103uturile alcoolice incluse la masa festiv\u0103: P\u0103linca de Bihor, afinat\u0103, vin la caraf\u0103, bere. \n\nCondi\u021biile rezerv\u0103rii: \nPachet sejur minim:4 nop\u021bi\nData de intrare: 29.12.2024\n\nProprietatea se \u00eenchiriaz\u0103 unui singur grup dar \u0219i individual.\nNum\u0103r minim de persoane pentru rezervare: 2 \nNum\u0103r locuri disponibile: 30, distribuite \u00een 12 camere cu b\u0103i proprii.\n\nAvans la rezervare: 40%\nAcces internet, parcare, acces la sauna umed\u0103\/uscat\u0103. <\/p>\n\t\t\t<\/div>\n<\/div>\n<div class=\"qodef-m-item qodef-e elementor-repeater-item-0fcf4e2\">\n\t\t\t<div class=\"qodef-e-image\">\n\t\t\t<img decoding=\"async\" width=\"2048\" height=\"1536\" src=\"https:\/\/pensiuneamariavartop.ro\/wp-content\/uploads\/2022\/04\/414501_334297236604693_649387512_o.jpg\" class=\"attachment-full size-full\" alt=\"\" srcset=\"https:\/\/pensiuneamariavartop.ro\/wp-content\/uploads\/2022\/04\/414501_334297236604693_649387512_o.jpg 2048w, https:\/\/pensiuneamariavartop.ro\/wp-content\/uploads\/2022\/04\/414501_334297236604693_649387512_o-300x225.jpg 300w, https:\/\/pensiuneamariavartop.ro\/wp-content\/uploads\/2022\/04\/414501_334297236604693_649387512_o-1024x768.jpg 1024w, https:\/\/pensiuneamariavartop.ro\/wp-content\/uploads\/2022\/04\/414501_334297236604693_649387512_o-768x576.jpg 768w, https:\/\/pensiuneamariavartop.ro\/wp-content\/uploads\/2022\/04\/414501_334297236604693_649387512_o-1536x1152.jpg 1536w\" sizes=\"(max-width: 2048px) 100vw, 2048px\" \/>\t\t<\/div>\n\t\t<div class=\"qodef-e-item-holder\">\n\t\t\t\t\t<div class=\"qodef-e-heading\">\n\t\t\t\t<h5 class=\"qodef-e-heading-title\">Camera standard<\/h5>\n\t\t\t\t<div class=\"qodef-e-heading-line\" ><\/div>\n\t\t\t\t\t\t\t\t\t<p class=\"qodef-e-heading-price\">300 RON \/ camer\u0103<\/p>\n\t\t\t\t\t\t\t\t\t\t\t<\/div>\n\t\t\t\t\t\t\t<p class=\"qodef-e-description\">Experimenta\u021bi confortul la super pre\u021b \u00een timpul s\u0103rb\u0103torilor! Rezerva\u021bi o camer\u0103 standard la Pensiunea Maria la doar 300 RON pe noapte pentru o experien\u021b\u0103 relaxant\u0103 \u00een inima Mun\u021bilor Apuseni. Bucura\u021bi-v\u0103 de facilit\u0103\u021bi de calitate \u0219i de ospitalitatea noastr\u0103 autentic rom\u00e2neasc\u0103.<\/p>\n\t\t\t<\/div>\n<\/div>\n<div class=\"qodef-m-item qodef-e elementor-repeater-item-99c03a2\">\n\t\t\t<div class=\"qodef-e-image\">\n\t\t\t<img decoding=\"async\" width=\"2048\" height=\"1536\" src=\"https:\/\/pensiuneamariavartop.ro\/wp-content\/uploads\/2022\/04\/333192_334297179938032_570120995_o-1.jpg\" class=\"attachment-full size-full\" alt=\"\" srcset=\"https:\/\/pensiuneamariavartop.ro\/wp-content\/uploads\/2022\/04\/333192_334297179938032_570120995_o-1.jpg 2048w, https:\/\/pensiuneamariavartop.ro\/wp-content\/uploads\/2022\/04\/333192_334297179938032_570120995_o-1-300x225.jpg 300w, https:\/\/pensiuneamariavartop.ro\/wp-content\/uploads\/2022\/04\/333192_334297179938032_570120995_o-1-1024x768.jpg 1024w, https:\/\/pensiuneamariavartop.ro\/wp-content\/uploads\/2022\/04\/333192_334297179938032_570120995_o-1-768x576.jpg 768w, https:\/\/pensiuneamariavartop.ro\/wp-content\/uploads\/2022\/04\/333192_334297179938032_570120995_o-1-1536x1152.jpg 1536w\" sizes=\"(max-width: 2048px) 100vw, 2048px\" \/>\t\t<\/div>\n\t\t<div class=\"qodef-e-item-holder\">\n\t\t\t\t\t<div class=\"qodef-e-heading\">\n\t\t\t\t<h5 class=\"qodef-e-heading-title\">Camera tripl\u0103<\/h5>\n\t\t\t\t<div class=\"qodef-e-heading-line\" ><\/div>\n\t\t\t\t\t\t\t\t\t<p class=\"qodef-e-heading-price\">350 RON \/ camer\u0103<\/p>\n\t\t\t\t\t\t\t\t\t\t\t<\/div>\n\t\t\t\t\t\t\t<p class=\"qodef-e-description\">Profita\u021bi de oferta noastr\u0103 pentru camera tripl\u0103 la Pensiunea Maria. Rezerva\u021bi acum la doar 350 RON pe noapte \u0219i bucura\u021bi-v\u0103 de spa\u021biu confortabil, facilit\u0103\u021bi de top \u0219i o atmosfer\u0103 primitoare \u00een mijlocul peisajului pitoresc al Mun\u021bilor Apuseni. <\/p>\n\t\t\t<\/div>\n<\/div>\n<div class=\"qodef-m-item qodef-e elementor-repeater-item-7fa6efb\">\n\t\t\t<div class=\"qodef-e-image\">\n\t\t\t<img decoding=\"async\" width=\"2048\" height=\"1536\" src=\"https:\/\/pensiuneamariavartop.ro\/wp-content\/uploads\/2022\/04\/414501_334297236604693_649387512_o.jpg\" class=\"attachment-full size-full\" alt=\"\" srcset=\"https:\/\/pensiuneamariavartop.ro\/wp-content\/uploads\/2022\/04\/414501_334297236604693_649387512_o.jpg 2048w, https:\/\/pensiuneamariavartop.ro\/wp-content\/uploads\/2022\/04\/414501_334297236604693_649387512_o-300x225.jpg 300w, https:\/\/pensiuneamariavartop.ro\/wp-content\/uploads\/2022\/04\/414501_334297236604693_649387512_o-1024x768.jpg 1024w, https:\/\/pensiuneamariavartop.ro\/wp-content\/uploads\/2022\/04\/414501_334297236604693_649387512_o-768x576.jpg 768w, https:\/\/pensiuneamariavartop.ro\/wp-content\/uploads\/2022\/04\/414501_334297236604693_649387512_o-1536x1152.jpg 1536w\" sizes=\"(max-width: 2048px) 100vw, 2048px\" \/>\t\t<\/div>\n\t\t<div class=\"qodef-e-item-holder\">\n\t\t\t\t\t<div class=\"qodef-e-heading\">\n\t\t\t\t<h5 class=\"qodef-e-heading-title\">Camera family<\/h5>\n\t\t\t\t<div class=\"qodef-e-heading-line\" ><\/div>\n\t\t\t\t\t\t\t\t\t<p class=\"qodef-e-heading-price\">400 RON \/ camer\u0103<\/p>\n\t\t\t\t\t\t\t\t\t\t\t<\/div>\n\t\t\t\t\t\t\t<p class=\"qodef-e-description\">Descoperi\u021bi confortul \u00eentr-o atmosfer\u0103 familial\u0103 la Pensiunea Maria. Rezerva\u021bi acum camera family la doar 400 RON pe noapte \u0219i crea\u021bi amintiri de neuitat cu cei dragi \u00een mijlocul frumuse\u021bii Mun\u021bilor Apuseni. Beneficia\u021bi de facilit\u0103\u021bi excelente \u0219i bucura\u021bi-v\u0103 de o escapad\u0103 relaxant\u0103 la pre\u021buri avantajoase.<\/p>\n\t\t\t<\/div>\n<\/div>\n<div class=\"qodef-m-item qodef-e elementor-repeater-item-ff5b017\">\n\t\t\t<div class=\"qodef-e-image\">\n\t\t\t<img loading=\"lazy\" decoding=\"async\" width=\"1024\" height=\"768\" src=\"https:\/\/pensiuneamariavartop.ro\/wp-content\/uploads\/2022\/04\/PHOTO-2021-12-11-13-25-49_1-1.jpg\" class=\"attachment-full size-full\" alt=\"\" srcset=\"https:\/\/pensiuneamariavartop.ro\/wp-content\/uploads\/2022\/04\/PHOTO-2021-12-11-13-25-49_1-1.jpg 1024w, https:\/\/pensiuneamariavartop.ro\/wp-content\/uploads\/2022\/04\/PHOTO-2021-12-11-13-25-49_1-1-300x225.jpg 300w, https:\/\/pensiuneamariavartop.ro\/wp-content\/uploads\/2022\/04\/PHOTO-2021-12-11-13-25-49_1-1-768x576.jpg 768w\" sizes=\"(max-width: 1024px) 100vw, 1024px\" \/>\t\t<\/div>\n\t\t<div class=\"qodef-e-item-holder\">\n\t\t\t\t\t<div class=\"qodef-e-heading\">\n\t\t\t\t<h5 class=\"qodef-e-heading-title\">Sauna uscat\u0103 sau umed\u0103<\/h5>\n\t\t\t\t<div class=\"qodef-e-heading-line\" ><\/div>\n\t\t\t\t\t\t\t\t\t<p class=\"qodef-e-heading-price\">GRATUIT<\/p>\n\t\t\t\t\t\t\t\t\t\t\t<\/div>\n\t\t\t\t\t\t\t<p class=\"qodef-e-description\">Experimenta\u021bi r\u0103sf\u0103\u021bul complet la Pensiunea Maria, unde fiecare rezervare, indiferent de pachetul ales - camera standard la 300 RON, tripl\u0103 la 350 RON sau family la 400 RON pe noapte, include gratuit \u0219i acces la sauna, at\u00e2t uscat\u0103, c\u00e2t \u0219i umed\u0103. Bucura\u021bi-v\u0103 de aceast\u0103 facilitate relaxant\u0103 f\u0103r\u0103 costuri suplimentare, contribuind la crearea unei experien\u021be de neuitat \u00een inima Mun\u021bilor Apuseni.<\/p>\n\t\t\t<\/div>\n<\/div>\n<div class=\"qodef-m-item qodef-e elementor-repeater-item-9da6fe0\">\n\t\t\t<div class=\"qodef-e-image\">\n\t\t\t<img loading=\"lazy\" decoding=\"async\" width=\"1706\" height=\"1237\" src=\"https:\/\/pensiuneamariavartop.ro\/wp-content\/uploads\/2023\/12\/pexels-yan-krukau-6617800-scaled-e1702573377680.jpg\" class=\"attachment-full size-full\" alt=\"\" srcset=\"https:\/\/pensiuneamariavartop.ro\/wp-content\/uploads\/2023\/12\/pexels-yan-krukau-6617800-scaled-e1702573377680.jpg 1706w, https:\/\/pensiuneamariavartop.ro\/wp-content\/uploads\/2023\/12\/pexels-yan-krukau-6617800-scaled-e1702573377680-300x218.jpg 300w, https:\/\/pensiuneamariavartop.ro\/wp-content\/uploads\/2023\/12\/pexels-yan-krukau-6617800-scaled-e1702573377680-1024x742.jpg 1024w, https:\/\/pensiuneamariavartop.ro\/wp-content\/uploads\/2023\/12\/pexels-yan-krukau-6617800-scaled-e1702573377680-768x557.jpg 768w, https:\/\/pensiuneamariavartop.ro\/wp-content\/uploads\/2023\/12\/pexels-yan-krukau-6617800-scaled-e1702573377680-1536x1114.jpg 1536w\" sizes=\"(max-width: 1706px) 100vw, 1706px\" \/>\t\t<\/div>\n\t\t<div class=\"qodef-e-item-holder\">\n\t\t\t\t\t<div class=\"qodef-e-heading\">\n\t\t\t\t<h5 class=\"qodef-e-heading-title\">Ofer\u0103 Copiilor T\u0103i O Vacan\u021b\u0103 de Vis la Pensiunea Maria!<\/h5>\n\t\t\t\t<div class=\"qodef-e-heading-line\" ><\/div>\n\t\t\t\t\t\t\t\t\t<p class=\"qodef-e-heading-price\">GRATUIT<\/p>\n\t\t\t\t\t\t\t\t\t\t\t<\/div>\n\t\t\t\t\t\t\t<p class=\"qodef-e-description\">La Pensiunea Maria, ne dorim s\u0103 facem fiecare sejur memorabil \u0219i pentru cei mici! Copiii cu v\u00e2rsta de p\u00e2n\u0103 la 2 ani beneficiaz\u0103 de \u0219edere gratuit\u0103, oferindu-le un start confortabil \u00een lumea c\u0103l\u0103toriilor. Pentru cei \u00eentre 2 \u0219i 12 ani, tarifele sunt reduse cu 50%, iar pentru adolescen\u021bii de peste 12 ani, ace\u0219tia vor pl\u0103ti doar tariful integral. Asigur\u0103m astfel o experien\u021b\u0103 de familie perfect\u0103 \u00een Mun\u021bii Apuseni. Rezerva\u021bi acum \u0219i crea\u021bi amintiri de neuitat \u00eempreun\u0103 cu cei mici!<\/p>\n\t\t\t<\/div>\n<\/div>\n\t<\/div>\n\t\t\t<div class=\"qodef-m-button qodef-qi-clear\">\n\t\t<a class=\"qodef-shortcode qodef-m qodef-qi-button qodef-html--link qodef-layout--filled qodef-type--standard qodef-icon--right qodef-hover--icon-move-horizontal-short\" href=\"https:\/\/pensiuneamariavartop.ro\/?page_id=327\" target=\"_self\">\t<span class=\"qodef-m-text\">Contact<\/span>\t<\/a>\t<\/div>\n<\/div>\n\t\t\t\t<\/div>\n\t\t\t\t<\/div>\n\t\t\t\t\t<\/div>\n\t\t<\/div>\n\t\t\t\t\t<\/div>\n\t\t<\/section>\n\t\t\t\t<\/div>\n\t\t","protected":false},"excerpt":{"rendered":"<p>Descoper\u0103 Pachetul Nostru Turistic pentru sezonul 2024-2025 Descoper\u0103 ofertele noastre turistice pentru sezonul 2024-2025 \u0219i transform\u0103-\u021bi \u0219ederea \u00een Mun\u021bii Apuseni \u00eentr-o experien\u021b\u0103 memorabil\u0103. Rezerv\u0103 acum pentru a beneficia de facilit\u0103\u021bi \u00eembun\u0103t\u0103\u021bite \u0219i tarife exclusive. Bucur\u0103-te de o escapad\u0103 autentic\u0103 \u00een Mun\u021bii Apuseni cu oferta noastr\u0103 turistic\u0103 pentru 2024-2025. Descoper\u0103 pachete personalizate \u0219i experimenteaz\u0103 confortul la [&hellip;]<\/p>\n","protected":false},"author":1,"featured_media":0,"parent":0,"menu_order":0,"comment_status":"closed","ping_status":"closed","template":"qi-full-width.php","meta":{"footnotes":""},"class_list":["post-1181","page","type-page","status-publish","hentry"],"_links":{"self":[{"href":"https:\/\/pensiuneamariavartop.ro\/index.php?rest_route=\/wp\/v2\/pages\/1181","targetHints":{"allow":["GET"]}}],"collection":[{"href":"https:\/\/pensiuneamariavartop.ro\/index.php?rest_route=\/wp\/v2\/pages"}],"about":[{"href":"https:\/\/pensiuneamariavartop.ro\/index.php?rest_route=\/wp\/v2\/types\/page"}],"author":[{"embeddable":true,"href":"https:\/\/pensiuneamariavartop.ro\/index.php?rest_route=\/wp\/v2\/users\/1"}],"replies":[{"embeddable":true,"href":"https:\/\/pensiuneamariavartop.ro\/index.php?rest_route=%2Fwp%2Fv2%2Fcomments&post=1181"}],"version-history":[{"count":7,"href":"https:\/\/pensiuneamariavartop.ro\/index.php?rest_route=\/wp\/v2\/pages\/1181\/revisions"}],"predecessor-version":[{"id":1324,"href":"https:\/\/pensiuneamariavartop.ro\/index.php?rest_route=\/wp\/v2\/pages\/1181\/revisions\/1324"}],"wp:attachment":[{"href":"https:\/\/pensiuneamariavartop.ro\/index.php?rest_route=%2Fwp%2Fv2%2Fmedia&parent=1181"}],"curies":[{"name":"wp","href":"https:\/\/api.w.org\/{rel}","templated":true}]}}